{"id":7865,"date":"2021-10-06T20:47:56","date_gmt":"2021-10-06T17:47:56","guid":{"rendered":"https:\/\/www.sistemat.ro\/munkahelyeket\/"},"modified":"2021-10-07T14:07:33","modified_gmt":"2021-10-07T11:07:33","slug":"munkahelyek","status":"publish","type":"page","link":"https:\/\/www.sistemat.ro\/hu\/munkahelyek\/","title":{"rendered":"Munkahelyek"},"content":{"rendered":"\t\t<div data-elementor-type=\"wp-page\" data-elementor-id=\"7865\" class=\"elementor elementor-7865\">\n\t\t\t\t\t\t<section class=\"elementor-section elementor-top-section elementor-element elementor-element-509ffe5 elementor-section-boxed elementor-section-height-default elementor-section-height-default qodef-elementor-content-no\" data-id=\"509ffe5\" data-element_type=\"section\" data-e-type=\"section\">\n\t\t\t\t\t\t<div class=\"elementor-container elementor-column-gap-default\">\n\t\t\t\t\t<div class=\"elementor-column elementor-col-33 elementor-top-column elementor-element elementor-element-66236f5\" data-id=\"66236f5\" data-element_type=\"column\" data-e-type=\"column\">\n\t\t\t<div class=\"elementor-widget-wrap elementor-element-populated\">\n\t\t\t\t\t\t<div class=\"elementor-element elementor-element-5f9b0f0 elementor-widget elementor-widget-image\" data-id=\"5f9b0f0\" data-element_type=\"widget\" data-e-type=\"widget\" data-widget_type=\"image.default\">\n\t\t\t\t<div class=\"elementor-widget-container\">\n\t\t\t\t\t\t\t\t\t\t\t\t\t\t\t<img fetchpriority=\"high\" decoding=\"async\" width=\"724\" height=\"1024\" src=\"https:\/\/www.sistemat.ro\/wp-content\/uploads\/2021\/10\/SISTEMAT-ANUNT-AGENT-02-1-724x1024.jpg\" class=\"attachment-large size-large wp-image-7879\" alt=\"\u00c9rt\u00e9kes\u00edt\u00e9si \u00fcgyn\u00f6k\" srcset=\"https:\/\/www.sistemat.ro\/wp-content\/uploads\/2021\/10\/SISTEMAT-ANUNT-AGENT-02-1-724x1024.jpg 724w, https:\/\/www.sistemat.ro\/wp-content\/uploads\/2021\/10\/SISTEMAT-ANUNT-AGENT-02-1-212x300.jpg 212w, https:\/\/www.sistemat.ro\/wp-content\/uploads\/2021\/10\/SISTEMAT-ANUNT-AGENT-02-1-768x1086.jpg 768w, https:\/\/www.sistemat.ro\/wp-content\/uploads\/2021\/10\/SISTEMAT-ANUNT-AGENT-02-1-1086x1536.jpg 1086w, https:\/\/www.sistemat.ro\/wp-content\/uploads\/2021\/10\/SISTEMAT-ANUNT-AGENT-02-1-600x849.jpg 600w, https:\/\/www.sistemat.ro\/wp-content\/uploads\/2021\/10\/SISTEMAT-ANUNT-AGENT-02-1.jpg 1240w\" sizes=\"(max-width: 724px) 100vw, 724px\" \/>\t\t\t\t\t\t\t\t\t\t\t\t\t\t\t<\/div>\n\t\t\t\t<\/div>\n\t\t\t\t\t<\/div>\n\t\t<\/div>\n\t\t\t\t<div class=\"elementor-column elementor-col-66 elementor-top-column elementor-element elementor-element-9f0f94f\" data-id=\"9f0f94f\" data-element_type=\"column\" data-e-type=\"column\">\n\t\t\t<div class=\"elementor-widget-wrap elementor-element-populated\">\n\t\t\t\t\t\t<div class=\"elementor-element elementor-element-9915fe4 elementor-widget elementor-widget-html\" data-id=\"9915fe4\" data-element_type=\"widget\" data-e-type=\"widget\" data-widget_type=\"html.default\">\n\t\t\t\t<div class=\"elementor-widget-container\">\n\t\t\t\t\t<div class=\"elementor-widget-container\">\n                <h3>\u00c9rt\u00e9kes\u00edt\u00e9si \u00fcgyn\u00f6k<\/h3>\n                <p><strong>K\u00f6vetelm\u00e9nyek<\/strong><strong>:<\/strong><br>\n                  <strong><\/strong><\/p>\n                <p>-m\u0171szaki tanulm\u00e1nyok el\u0151nyben<br>\n                <\/p>\n                <p>-ismeretek az \u00e9p\u00edt\u0151anyagok \u00e9rt\u00e9kes\u00edt\u00e9s\u00e9r\u0151l el\u0151nyben<br>\n                <\/p>\n                <p>-j\u00f3 kommunik\u00e1ci\u00f3s k\u00e9szs\u00e9g, sz\u00e1m\u00edt\u00f3g\u00e9pes ismeretek<\/p>\n                <p>-B kateg\u00f3ri\u00e1s jogos\u00edtv\u00e1ny<\/p>\n                <p><strong>Feladatok:<\/strong><\/p>\n                <p>-\u00dcgyf\u00e9lportf\u00f3li\u00f3 adminisztr\u00e1ci\u00f3ja \u00e9s fejleszt\u00e9se\n                  (\u00e9p\u00edt\u0151k \/ v\u00e9gs\u0151 \u00fcgyfelek \/ \u00e9p\u00edt\u00e9szek)<\/p>\n                <p>-a c\u00e9g term\u00e9keinek n\u00e9pszer\u0171s\u00edt\u00e9se (tet\u0151rendszerek \u00e9s\n                  kieg\u00e9sz\u00edt\u0151k)<\/p>\n                <p>-t\u00e1rgyal\u00e1sok a sz\u00e1ll\u00edt\u00e1si felt\u00e9telekr\u0151l, fizet\u00e9si\n                  m\u00f3dokr\u00f3l tiszteletben tartva a c\u00e9g elj\u00e1r\u00e1sait<\/p>\n                <p>-a vev\u0151i ig\u00e9nyek elemz\u00e9se, tan\u00e1csad\u00e1s a term\u00e9k\n                  jellemz\u0151ivel kapcsolatban, aj\u00e1nlatok kisz\u00e1m\u00edt\u00e1sa<\/p>\n                <p><b>Mit aj\u00e1nlunk?<\/b><\/p>\n                <p>Nem \u00edg\u00e9r\u00fcnk semmit, mert azt a legk\u00f6nnyebb betartani,\n                  de az biztos, hogy az els\u0151 szem\u00e9lyes tal\u00e1lkoz\u00e1s sor\u00e1n\n                  v\u00e9gig besz\u00e9l\u00fcnk mindent a munkaprogrammal, fizet\u00e9ssel,\n                  b\u00f3nuszokkal \u00e9s egyebekkel kapcsolatos dolgot.<\/p>\n                <p><strong>Addig is, ha sz\u00edvesen dolgozn\u00e1l vel\u00fcnk,\n                    k\u00e9r\u00fcnk hogy k\u00fcldd el az \u00f6n\u00e9letrajzodat, a <\/strong><br>\n                  <strong><u><a class=\"moz-txt-link-abbreviated\"\n                        href=\"mailto:conta@sistemat.ro\"\n                        moz-do-not-send=\"true\">conta@sistemat.ro<\/a> <\/u>email-re<\/strong><\/p>\n                <p>Ha megtetted, akkor sz\u00edves t\u00fcrelmedet k\u00e9rj\u00fck.\n                  Igyeksz\u00fcnk a legr\u00f6videbb id\u0151n bel\u00fcl visszajelezni.<\/p>\n                <p>Egy kellemes, mosolyg\u00f3s napot k\u00edv\u00e1nunk! A SISTEMAT\n                  csapat.<\/p>\n                <p><span style=\"font-size:10px;\">Az Sc Sistemat Quality a GDPR\n          -nek megfelel\u0151en dolgozza fel a kiv\u00e1laszt\u00e1si elj\u00e1r\u00e1s sor\u00e1n\n          megadott szem\u00e9lyes adatait.<\/span><\/p>\n              <\/div>\t\t\t\t<\/div>\n\t\t\t\t<\/div>\n\t\t\t\t\t<\/div>\n\t\t<\/div>\n\t\t\t\t\t<\/div>\n\t\t<\/section>\n\t\t\t\t<\/div>\n\t\t","protected":false},"excerpt":{"rendered":"<p>\u00c9rt\u00e9kes\u00edt\u00e9si \u00fcgyn\u00f6k K\u00f6vetelm\u00e9nyek: -m\u0171szaki tanulm\u00e1nyok el\u0151nyben -ismeretek az \u00e9p\u00edt\u0151anyagok \u00e9rt\u00e9kes\u00edt\u00e9s\u00e9r\u0151l el\u0151nyben -j\u00f3 kommunik\u00e1ci\u00f3s k\u00e9szs\u00e9g, sz\u00e1m\u00edt\u00f3g\u00e9pes ismeretek -B kateg\u00f3ri\u00e1s jogos\u00edtv\u00e1ny Feladatok: -\u00dcgyf\u00e9lportf\u00f3li\u00f3 adminisztr\u00e1ci\u00f3ja \u00e9s fejleszt\u00e9se (\u00e9p\u00edt\u0151k \/ v\u00e9gs\u0151 \u00fcgyfelek \/ \u00e9p\u00edt\u00e9szek) -a c\u00e9g term\u00e9keinek n\u00e9pszer\u0171s\u00edt\u00e9se (tet\u0151rendszerek \u00e9s kieg\u00e9sz\u00edt\u0151k) -t\u00e1rgyal\u00e1sok a sz\u00e1ll\u00edt\u00e1si felt\u00e9telekr\u0151l, fizet\u00e9si m\u00f3dokr\u00f3l tiszteletben tartva a c\u00e9g elj\u00e1r\u00e1sait -a vev\u0151i ig\u00e9nyek elemz\u00e9se, tan\u00e1csad\u00e1s a term\u00e9k [&hellip;]<\/p>\n","protected":false},"author":1,"featured_media":7859,"parent":0,"menu_order":0,"comment_status":"closed","ping_status":"closed","template":"","meta":{"footnotes":""},"class_list":["post-7865","page","type-page","status-publish","has-post-thumbnail","hentry"],"_links":{"self":[{"href":"https:\/\/www.sistemat.ro\/hu\/wp-json\/wp\/v2\/pages\/7865","targetHints":{"allow":["GET"]}}],"collection":[{"href":"https:\/\/www.sistemat.ro\/hu\/wp-json\/wp\/v2\/pages"}],"about":[{"href":"https:\/\/www.sistemat.ro\/hu\/wp-json\/wp\/v2\/types\/page"}],"author":[{"embeddable":true,"href":"https:\/\/www.sistemat.ro\/hu\/wp-json\/wp\/v2\/users\/1"}],"replies":[{"embeddable":true,"href":"https:\/\/www.sistemat.ro\/hu\/wp-json\/wp\/v2\/comments?post=7865"}],"version-history":[{"count":0,"href":"https:\/\/www.sistemat.ro\/hu\/wp-json\/wp\/v2\/pages\/7865\/revisions"}],"wp:featuredmedia":[{"embeddable":true,"href":"https:\/\/www.sistemat.ro\/hu\/wp-json\/wp\/v2\/media\/7859"}],"wp:attachment":[{"href":"https:\/\/www.sistemat.ro\/hu\/wp-json\/wp\/v2\/media?parent=7865"}],"curies":[{"name":"wp","href":"https:\/\/api.w.org\/{rel}","templated":true}]}}