{"id":6209,"date":"2020-02-19T15:54:37","date_gmt":"2020-02-19T12:54:37","guid":{"rendered":"http:\/\/sistemat.ro\/echipa-noastra\/"},"modified":"2020-05-10T18:12:02","modified_gmt":"2020-05-10T15:12:02","slug":"csapat","status":"publish","type":"page","link":"https:\/\/www.sistemat.ro\/hu\/csapat\/","title":{"rendered":"Csapat"},"content":{"rendered":"\t\t<div data-elementor-type=\"wp-page\" data-elementor-id=\"6209\" class=\"elementor elementor-6209\">\n\t\t\t\t\t\t<section class=\"elementor-section elementor-top-section elementor-element elementor-element-225c3af qodef-elementor-content-grid elementor-section-boxed elementor-section-height-default elementor-section-height-default\" data-id=\"225c3af\" data-element_type=\"section\" data-e-type=\"section\">\n\t\t\t\t\t\t<div class=\"elementor-container elementor-column-gap-default\">\n\t\t\t\t\t<div class=\"elementor-column elementor-col-100 elementor-top-column elementor-element elementor-element-97a802d\" data-id=\"97a802d\" data-element_type=\"column\" data-e-type=\"column\">\n\t\t\t<div class=\"elementor-widget-wrap elementor-element-populated\">\n\t\t\t\t\t\t<div class=\"elementor-element elementor-element-d3378c2 elementor-widget elementor-widget-stal_core_team_list\" data-id=\"d3378c2\" data-element_type=\"widget\" data-e-type=\"widget\" data-widget_type=\"stal_core_team_list.default\">\n\t\t\t\t<div class=\"elementor-widget-container\">\n\t\t\t\t\t<div class=\"qodef-shortcode qodef-m  qodef-team-list qodef-item-layout--info-on-hover qodef-grid qodef-layout--columns  qodef-gutter--normal qodef-col-num--3 qodef-item-layout--info-on-hover qodef--no-bottom-space qodef-pagination--off qodef-responsive--predefined\" data-options=\"{&quot;plugin&quot;:&quot;stal_core&quot;,&quot;module&quot;:&quot;post-types\\\/team\\\/shortcodes&quot;,&quot;shortcode&quot;:&quot;team-list&quot;,&quot;post_type&quot;:&quot;team&quot;,&quot;next_page&quot;:&quot;2&quot;,&quot;max_pages_num&quot;:1,&quot;behavior&quot;:&quot;columns&quot;,&quot;images_proportion&quot;:&quot;full&quot;,&quot;columns&quot;:&quot;3&quot;,&quot;columns_responsive&quot;:&quot;predefined&quot;,&quot;space&quot;:&quot;normal&quot;,&quot;posts_per_page&quot;:&quot;3&quot;,&quot;orderby&quot;:&quot;date&quot;,&quot;order&quot;:&quot;DESC&quot;,&quot;additional_params&quot;:&quot;tax&quot;,&quot;tax&quot;:&quot;team-category&quot;,&quot;tax_slug&quot;:&quot;echipa-sistemat&quot;,&quot;layout&quot;:&quot;info-on-hover&quot;,&quot;title_tag&quot;:&quot;h4&quot;,&quot;pagination_type&quot;:&quot;no-pagination&quot;,&quot;object_class_name&quot;:&quot;StalCoreTeamListShortcode&quot;,&quot;taxonomy_filter&quot;:&quot;team-category&quot;,&quot;additional_query_args&quot;:{&quot;tax_query&quot;:[{&quot;taxonomy&quot;:&quot;team-category&quot;,&quot;field&quot;:&quot;slug&quot;,&quot;terms&quot;:&quot;echipa-sistemat&quot;}]},&quot;item_classes&quot;:&quot;qodef-e qodef-grid-item&quot;,&quot;space_value&quot;:15}\">\n\t\t<div class=\"qodef-grid-inner clear\">\n\t\t<div class=\"qodef-e qodef-grid-item post-6409 team type-team status-publish has-post-thumbnail hentry team-category-sistemat-csapat\">\n\t<div class=\"qodef-e-inner\">\n\t\t<div class=\"qodef-e-image\">\n\t\t\t\t<div class=\"qodef-e-media-image\">\n\t\t\t\t\t<img fetchpriority=\"high\" decoding=\"async\" width=\"600\" height=\"655\" src=\"https:\/\/www.sistemat.ro\/wp-content\/uploads\/2020\/05\/zalan1.jpg\" class=\"attachment-full size-full wp-post-image\" alt=\"\" srcset=\"https:\/\/www.sistemat.ro\/wp-content\/uploads\/2020\/05\/zalan1.jpg 600w, https:\/\/www.sistemat.ro\/wp-content\/uploads\/2020\/05\/zalan1-275x300.jpg 275w\" sizes=\"(max-width: 600px) 100vw, 600px\" \/>\t\t\t<\/div>\n\t\t<\/div>\n\t\t<div class=\"qodef-e-content\">\n\t\t\t\t<h6 class=\"qodef-e-role\">\n\t\talap\u00edt\u00f3\t<\/h6>\n\t\t\t<h4 itemprop=\"name\" class=\"qodef-e-title entry-title\" >\n\t\t\tMoln\u00e1r Zal\u00e1n\t<\/h4>\t\t<\/div>\n\t\t<div class=\"qodef-e-social-content\">\n\t\t\t\t\t<\/div>\n\t<\/div>\n<\/div><div class=\"qodef-e qodef-grid-item post-6416 team type-team status-publish has-post-thumbnail hentry team-category-sistemat-csapat\">\n\t<div class=\"qodef-e-inner\">\n\t\t<div class=\"qodef-e-image\">\n\t\t\t\t<div class=\"qodef-e-media-image\">\n\t\t\t\t\t<img decoding=\"async\" width=\"600\" height=\"655\" src=\"https:\/\/www.sistemat.ro\/wp-content\/uploads\/2020\/05\/csilla1.jpg\" class=\"attachment-full size-full wp-post-image\" alt=\"\" srcset=\"https:\/\/www.sistemat.ro\/wp-content\/uploads\/2020\/05\/csilla1.jpg 600w, https:\/\/www.sistemat.ro\/wp-content\/uploads\/2020\/05\/csilla1-275x300.jpg 275w\" sizes=\"(max-width: 600px) 100vw, 600px\" \/>\t\t\t<\/div>\n\t\t<\/div>\n\t\t<div class=\"qodef-e-content\">\n\t\t\t\t<h6 class=\"qodef-e-role\">\n\t\tsz\u00e1mvitel\t<\/h6>\n\t\t\t<h4 itemprop=\"name\" class=\"qodef-e-title entry-title\" >\n\t\t\tMoln\u00e1r Csilla\t<\/h4>\t\t<\/div>\n\t\t<div class=\"qodef-e-social-content\">\n\t\t\t\t\t<\/div>\n\t<\/div>\n<\/div><div class=\"qodef-e qodef-grid-item post-6411 team type-team status-publish has-post-thumbnail hentry team-category-sistemat-csapat\">\n\t<div class=\"qodef-e-inner\">\n\t\t<div class=\"qodef-e-image\">\n\t\t\t\t<div class=\"qodef-e-media-image\">\n\t\t\t\t\t<img decoding=\"async\" width=\"600\" height=\"655\" src=\"https:\/\/www.sistemat.ro\/wp-content\/uploads\/2020\/05\/szabi.jpg\" class=\"attachment-full size-full wp-post-image\" alt=\"\" srcset=\"https:\/\/www.sistemat.ro\/wp-content\/uploads\/2020\/05\/szabi.jpg 600w, https:\/\/www.sistemat.ro\/wp-content\/uploads\/2020\/05\/szabi-275x300.jpg 275w\" sizes=\"(max-width: 600px) 100vw, 600px\" \/>\t\t\t<\/div>\n\t\t<\/div>\n\t\t<div class=\"qodef-e-content\">\n\t\t\t\t<h6 class=\"qodef-e-role\">\n\t\t\u00e9rt\u00e9kes\u00edt\u00e9s\t<\/h6>\n\t\t\t<h4 itemprop=\"name\" class=\"qodef-e-title entry-title\" >\n\t\t\tMih\u00e1lyde\u00e1k Szabolcs\t<\/h4>\t\t<\/div>\n\t\t<div class=\"qodef-e-social-content\">\n\t\t\t\t\t<\/div>\n\t<\/div>\n<\/div>\t<\/div>\n\t<\/div>\t\t\t\t<\/div>\n\t\t\t\t<\/div>\n\t\t\t\t\t<\/div>\n\t\t<\/div>\n\t\t\t\t\t<\/div>\n\t\t<\/section>\n\t\t\t\t<section class=\"elementor-section elementor-top-section elementor-element elementor-element-3545c85 qodef-elementor-content-grid elementor-section-boxed elementor-section-height-default elementor-section-height-default\" data-id=\"3545c85\" data-element_type=\"section\" data-e-type=\"section\">\n\t\t\t\t\t\t<div class=\"elementor-container elementor-column-gap-default\">\n\t\t\t\t\t<div class=\"elementor-column elementor-col-50 elementor-top-column elementor-element elementor-element-32e705b\" data-id=\"32e705b\" data-element_type=\"column\" data-e-type=\"column\">\n\t\t\t<div class=\"elementor-widget-wrap elementor-element-populated\">\n\t\t\t\t\t\t<div class=\"elementor-element elementor-element-a956883 elementor-widget elementor-widget-stal_core_section_title\" data-id=\"a956883\" data-element_type=\"widget\" data-e-type=\"widget\" data-widget_type=\"stal_core_section_title.default\">\n\t\t\t\t<div class=\"elementor-widget-container\">\n\t\t\t\t\t<div class=\"qodef-shortcode qodef-m  qodef-section-title qodef-alignment--left  \">\n\t\t<div class=\"qodef-m-title-wrap\">\n\t\t<h3 class=\"qodef-m-title\" >\n\t\t\t\t\tSistemat Quality\t\t\t<\/h3>\n\t\n\t<\/div>\n\t\t<p class=\"qodef-m-text\" >egy olyan t\u00e1rsas\u00e1g, amely \u00f6tv\u00f6zi a tud\u00e1st \u00e9s a professzionalizmust a tet\u0151fed\u0151 rendszerek, valamint egy\u00e9b \u00e9p\u00edt\u0151anyagok \u00e9s befejez\u0151 anyagok szak\u00e9rtelem\u00e9ben, telep\u00edt\u00e9s\u00e9ben \u00e9s forgalmaz\u00e1s\u00e1ban. A ter\u00fcleten szerzett t\u00f6bb mint 10 \u00e9ves tapasztalattal r\u00f6vid id\u0151 alatt siker\u00fcl megoldani a tet\u0151rendszerekkel kapcsolatos technikai probl\u00e9m\u00e1kat. Orsz\u00e1gosan \u00e9s nemzetk\u00f6zileg elismert gy\u00e1rt\u00f3kt\u00f3l sz\u00e1rmaz\u00f3 \u00e9p\u00edt\u0151anyagokat \u00e9s tet\u0151fed\u0151 rendszereket \u00e1rus\u00edtunk, ezek k\u00f6z\u00fcl n\u00e9h\u00e1ny t\u00f6bb mint 100 \u00e9ves tapasztalattal rendelkezik.<\/p>\n<\/div>\t\t\t\t<\/div>\n\t\t\t\t<\/div>\n\t\t\t\t\t<\/div>\n\t\t<\/div>\n\t\t\t\t<div class=\"elementor-column elementor-col-50 elementor-top-column elementor-element elementor-element-dead1a7\" data-id=\"dead1a7\" data-element_type=\"column\" data-e-type=\"column\">\n\t\t\t<div class=\"elementor-widget-wrap elementor-element-populated\">\n\t\t\t\t\t\t<div class=\"elementor-element elementor-element-09bad71 elementor-widget elementor-widget-stal_core_section_title\" data-id=\"09bad71\" data-element_type=\"widget\" data-e-type=\"widget\" data-widget_type=\"stal_core_section_title.default\">\n\t\t\t\t<div class=\"elementor-widget-container\">\n\t\t\t\t\t<div class=\"qodef-shortcode qodef-m  qodef-section-title qodef-alignment--left  \">\n\t\t<div class=\"qodef-m-title-wrap\">\n\t\t<h3 class=\"qodef-m-title\" >\n\t\t\t\t\tCsapat\t\t\t<\/h3>\n\t\n\t<\/div>\n\t\t<p class=\"qodef-m-text\" >f\u00e9mlemezek, f\u00e9mcsemp\u00e9k, tet\u0151t\u00e9ri ablakok \u00e9s es\u0151v\u00edz-rendszerek szakemberei. Teljes szolg\u00e1ltat\u00e1si csomagot k\u00edn\u00e1lunk: a sz\u00fcks\u00e9ges anyagok kisz\u00e1m\u00edt\u00e1sa, tan\u00e1csad\u00e1s az anyagv\u00e1laszt\u00e1sban, m\u0171szaki t\u00e1mogat\u00e1s, azonnali kisz\u00e1ll\u00edt\u00e1s, sz\u00e1ll\u00edt\u00e1s a megrendelt mennyis\u00e9ghez. Folyamatosan szoros kapcsolatban \u00e1llunk \u00e9p\u00edt\u00e9szeinkkel, \u00e9p\u00edt\u0151inkkel, besz\u00e1ll\u00edt\u00f3inkkal \u00e9s \u00fcgyfeleinkkel, hogy \u00faj tapasztalatokat szerezz\u00fcnk. Fiatal, dinamikus \u00e9s hozz\u00e1\u00e9rt\u0151 csapat, \u00f6nmag\u00e1nak \u00e9rv\u00e9nyes\u00edt\u00e9s\u00e9re \u00e9s folyamatos fejleszt\u00e9s\u00e9re.<\/p>\n<\/div>\t\t\t\t<\/div>\n\t\t\t\t<\/div>\n\t\t\t\t\t<\/div>\n\t\t<\/div>\n\t\t\t\t\t<\/div>\n\t\t<\/section>\n\t\t\t\t<\/div>\n\t\t","protected":false},"excerpt":{"rendered":"<p>Szabolcs Mihalydeak Csilla Molnar Molnar Zalan Sistemat Quality egy olyan t\u00e1rsas\u00e1g, amely \u00f6tv\u00f6zi a tud\u00e1st \u00e9s a professzionalizmust a tet\u0151fed\u0151 rendszerek, valamint egy\u00e9b \u00e9p\u00edt\u0151anyagok \u00e9s befejez\u0151 anyagok szak\u00e9rtelem\u00e9ben, telep\u00edt\u00e9s\u00e9ben \u00e9s forgalmaz\u00e1s\u00e1ban. A ter\u00fcleten szerzett t\u00f6bb mint 10 \u00e9ves tapasztalattal r\u00f6vid id\u0151 alatt siker\u00fcl megoldani a tet\u0151rendszerekkel kapcsolatos technikai probl\u00e9m\u00e1kat. Orsz\u00e1gosan \u00e9s nemzetk\u00f6zileg elismert gy\u00e1rt\u00f3kt\u00f3l sz\u00e1rmaz\u00f3 [&hellip;]<\/p>\n","protected":false},"author":1,"featured_media":0,"parent":0,"menu_order":0,"comment_status":"closed","ping_status":"closed","template":"page-full-width.php","meta":{"footnotes":""},"class_list":["post-6209","page","type-page","status-publish","hentry"],"_links":{"self":[{"href":"https:\/\/www.sistemat.ro\/hu\/wp-json\/wp\/v2\/pages\/6209","targetHints":{"allow":["GET"]}}],"collection":[{"href":"https:\/\/www.sistemat.ro\/hu\/wp-json\/wp\/v2\/pages"}],"about":[{"href":"https:\/\/www.sistemat.ro\/hu\/wp-json\/wp\/v2\/types\/page"}],"author":[{"embeddable":true,"href":"https:\/\/www.sistemat.ro\/hu\/wp-json\/wp\/v2\/users\/1"}],"replies":[{"embeddable":true,"href":"https:\/\/www.sistemat.ro\/hu\/wp-json\/wp\/v2\/comments?post=6209"}],"version-history":[{"count":0,"href":"https:\/\/www.sistemat.ro\/hu\/wp-json\/wp\/v2\/pages\/6209\/revisions"}],"wp:attachment":[{"href":"https:\/\/www.sistemat.ro\/hu\/wp-json\/wp\/v2\/media?parent=6209"}],"curies":[{"name":"wp","href":"https:\/\/api.w.org\/{rel}","templated":true}]}}