{"id":6170,"date":"2020-02-19T10:29:27","date_gmt":"2020-02-19T07:29:27","guid":{"rendered":"http:\/\/sistemat.ro\/servicii\/"},"modified":"2020-05-06T21:59:49","modified_gmt":"2020-05-06T18:59:49","slug":"szolgaltatasok","status":"publish","type":"page","link":"https:\/\/www.sistemat.ro\/hu\/szolgaltatasok\/","title":{"rendered":"Szolg\u00e1ltat\u00e1sok"},"content":{"rendered":"\t\t<div data-elementor-type=\"wp-page\" data-elementor-id=\"6170\" class=\"elementor elementor-6170\">\n\t\t\t\t\t\t<section class=\"elementor-section elementor-top-section elementor-element elementor-element-533be08 elementor-section-boxed elementor-section-height-default elementor-section-height-default qodef-elementor-content-no\" data-id=\"533be08\" data-element_type=\"section\" data-e-type=\"section\">\n\t\t\t\t\t\t<div class=\"elementor-container elementor-column-gap-default\">\n\t\t\t\t\t<div class=\"elementor-column elementor-col-100 elementor-top-column elementor-element elementor-element-f62550e\" data-id=\"f62550e\" data-element_type=\"column\" data-e-type=\"column\">\n\t\t\t<div class=\"elementor-widget-wrap elementor-element-populated\">\n\t\t\t\t\t\t<div class=\"elementor-element elementor-element-4912033 elementor-widget elementor-widget-spacer\" data-id=\"4912033\" data-element_type=\"widget\" data-e-type=\"widget\" data-widget_type=\"spacer.default\">\n\t\t\t\t<div class=\"elementor-widget-container\">\n\t\t\t\t\t\t\t<div class=\"elementor-spacer\">\n\t\t\t<div class=\"elementor-spacer-inner\"><\/div>\n\t\t<\/div>\n\t\t\t\t\t\t<\/div>\n\t\t\t\t<\/div>\n\t\t\t\t<div class=\"elementor-element elementor-element-621eb22 elementor-widget elementor-widget-stal_core_holder_with_image\" data-id=\"621eb22\" data-element_type=\"widget\" data-e-type=\"widget\" data-widget_type=\"stal_core_holder_with_image.default\">\n\t\t\t\t<div class=\"elementor-widget-container\">\n\t\t\t\t\t<div class=\"qodef-shortcode qodef-m  qodef-holder-with-image qodef-layout--image-left qodef-disable-below--768 qodef-appear-animation-enabled--from-right\" >\n\t<div class=\"qodef-m-inner\">\n\t\t<img decoding=\"async\" class=\"qodef-m-image\" src=\"https:\/\/www.sistemat.ro\/wp-content\/uploads\/2020\/05\/servicii-consultanta.jpg\" alt=\"\"  \/>\t\t<div class=\"qodef-m-content\" >\n\t\t\t<div data-elementor-type=\"section\" data-elementor-id=\"6194\" class=\"elementor elementor-6194\">\n\t\t\t\t\t\t<section class=\"elementor-section elementor-top-section elementor-element elementor-element-41cce256 elementor-section-boxed elementor-section-height-default elementor-section-height-default qodef-elementor-content-no\" data-id=\"41cce256\" data-element_type=\"section\" data-e-type=\"section\">\n\t\t\t\t\t\t<div class=\"elementor-container elementor-column-gap-default\">\n\t\t\t\t\t<div class=\"elementor-column elementor-col-100 elementor-top-column elementor-element elementor-element-69a959f4\" data-id=\"69a959f4\" data-element_type=\"column\" data-e-type=\"column\">\n\t\t\t<div class=\"elementor-widget-wrap elementor-element-populated\">\n\t\t\t\t\t\t<div class=\"elementor-element elementor-element-cbc2b1b elementor-widget elementor-widget-stal_core_section_title\" data-id=\"cbc2b1b\" data-element_type=\"widget\" data-e-type=\"widget\" data-widget_type=\"stal_core_section_title.default\">\n\t\t\t\t<div class=\"elementor-widget-container\">\n\t\t\t\t\t<div class=\"qodef-shortcode qodef-m  qodef-section-title qodef-alignment--left  \">\n\t\t<div class=\"qodef-m-title-wrap\">\n\t\t<h2 class=\"qodef-m-title\" >\n\t\t\t\t\tM\u0171szaki tan\u00e1csad\u00f3 \u00e9s a tet\u0151fed\u0151 anyagok sz\u00fcks\u00e9ges kisz\u00e1m\u00edt\u00e1sa\t\t\t<\/h2>\n\t\n\t<\/div>\n\t\t<p class=\"qodef-m-text\" style=\"margin-top: 20px;font-size: 19px;line-height: 30px\">Tan\u00e1csad\u00e1st k\u00edn\u00e1lunk az anyagok t\u00edpus\u00e1nak megv\u00e1laszt\u00e1s\u00e1ban \u00e9s ingyenes m\u0171szaki t\u00e1mogat\u00e1st k\u00edn\u00e1lunk a telep\u00edt\u00e9s sor\u00e1n azoknak az \u00fcgyfeleknek, akik a rendszereinket megv\u00e1s\u00e1rolj\u00e1k. A sz\u00fcks\u00e9ges anyagokat a sz\u00e1munkra beny\u00fajtott tervek vagy m\u00e9r\u00e9sek alapj\u00e1n kisz\u00e1moljuk. B\u00e1rmilyen k\u00e9rd\u00e9se felveheti vel\u00fcnk a kapcsolatot.<\/p>\n<\/div>\t\t\t\t<\/div>\n\t\t\t\t<\/div>\n\t\t\t\t\t<\/div>\n\t\t<\/div>\n\t\t\t\t\t<\/div>\n\t\t<\/section>\n\t\t\t\t<\/div>\n\t\t<\/div>\n\t<\/div>\n<\/div>\t\t\t\t<\/div>\n\t\t\t\t<\/div>\n\t\t\t\t<div class=\"elementor-element elementor-element-c0f8709 elementor-widget elementor-widget-spacer\" data-id=\"c0f8709\" data-element_type=\"widget\" data-e-type=\"widget\" data-widget_type=\"spacer.default\">\n\t\t\t\t<div class=\"elementor-widget-container\">\n\t\t\t\t\t\t\t<div class=\"elementor-spacer\">\n\t\t\t<div class=\"elementor-spacer-inner\"><\/div>\n\t\t<\/div>\n\t\t\t\t\t\t<\/div>\n\t\t\t\t<\/div>\n\t\t\t\t<div class=\"elementor-element elementor-element-89fbe3f elementor-widget elementor-widget-stal_core_holder_with_image\" data-id=\"89fbe3f\" data-element_type=\"widget\" data-e-type=\"widget\" data-widget_type=\"stal_core_holder_with_image.default\">\n\t\t\t\t<div class=\"elementor-widget-container\">\n\t\t\t\t\t<div class=\"qodef-shortcode qodef-m  qodef-holder-with-image qodef-layout--image-right qodef-disable-below--768 qodef-appear-animation-enabled--from-left\" >\n\t<div class=\"qodef-m-inner\">\n\t\t<div class=\"qodef-m-content\" >\n\t\t\t<div data-elementor-type=\"section\" data-elementor-id=\"6188\" class=\"elementor elementor-6188\">\n\t\t\t\t\t\t<section class=\"elementor-section elementor-top-section elementor-element elementor-element-2b92368 elementor-section-boxed elementor-section-height-default elementor-section-height-default qodef-elementor-content-no\" data-id=\"2b92368\" data-element_type=\"section\" data-e-type=\"section\">\n\t\t\t\t\t\t<div class=\"elementor-container elementor-column-gap-default\">\n\t\t\t\t\t<div class=\"elementor-column elementor-col-100 elementor-top-column elementor-element elementor-element-3ed35518\" data-id=\"3ed35518\" data-element_type=\"column\" data-e-type=\"column\">\n\t\t\t<div class=\"elementor-widget-wrap elementor-element-populated\">\n\t\t\t\t\t\t<div class=\"elementor-element elementor-element-605d6351 elementor-widget elementor-widget-stal_core_section_title\" data-id=\"605d6351\" data-element_type=\"widget\" data-e-type=\"widget\" data-widget_type=\"stal_core_section_title.default\">\n\t\t\t\t<div class=\"elementor-widget-container\">\n\t\t\t\t\t<div class=\"qodef-shortcode qodef-m  qodef-section-title qodef-alignment--left  \">\n\t\t<div class=\"qodef-m-title-wrap\">\n\t\t<h2 class=\"qodef-m-title\" >\n\t\t\t\t\tProfesszion\u00e1lis \u00f6sszeszerel\u00e9s \t\t\t<\/h2>\n\t\n\t<\/div>\n\t\t<p class=\"qodef-m-text\" style=\"margin-top: 20px;font-size: 19px;line-height: 30px\">\u00d6sszeszerel\u00e9si szolg\u00e1ltat\u00e1sokat k\u00edn\u00e1lunk olyan profi csapatokkal, akik t\u00f6bb mint 15 \u00e9ves tapasztalattal rendelkeznek a f\u00e9m tet\u0151fed\u00e9s ter\u00fclet\u00e9n (f\u00e9mcser\u00e9p, hajtogatott lemez, k\u00e9tszeresen hajtogatott lemez, b\u00e1dogos elemek, ereszcsatorna \u00e9s leereszt\u0151 csapok stb.). K\u00e9sz\u00edt\u00fcnk atipikus m\u00e9ret\u0171, 6 m\u00e9ter hossz\u00fas\u00e1g\u00fa b\u00e1dogos elemeket.<\/p>\n<\/div>\t\t\t\t<\/div>\n\t\t\t\t<\/div>\n\t\t\t\t\t<\/div>\n\t\t<\/div>\n\t\t\t\t\t<\/div>\n\t\t<\/section>\n\t\t\t\t<\/div>\n\t\t<\/div>\n\t\t<img decoding=\"async\" class=\"qodef-m-image\" src=\"https:\/\/www.sistemat.ro\/wp-content\/uploads\/2020\/05\/servicii-montaj.jpg\" alt=\"\"  \/>\t<\/div>\n<\/div>\t\t\t\t<\/div>\n\t\t\t\t<\/div>\n\t\t\t\t<div class=\"elementor-element elementor-element-17083b7 elementor-widget elementor-widget-spacer\" data-id=\"17083b7\" data-element_type=\"widget\" data-e-type=\"widget\" data-widget_type=\"spacer.default\">\n\t\t\t\t<div class=\"elementor-widget-container\">\n\t\t\t\t\t\t\t<div class=\"elementor-spacer\">\n\t\t\t<div class=\"elementor-spacer-inner\"><\/div>\n\t\t<\/div>\n\t\t\t\t\t\t<\/div>\n\t\t\t\t<\/div>\n\t\t\t\t<div class=\"elementor-element elementor-element-57cd5ab elementor-widget elementor-widget-stal_core_holder_with_image\" data-id=\"57cd5ab\" data-element_type=\"widget\" data-e-type=\"widget\" data-widget_type=\"stal_core_holder_with_image.default\">\n\t\t\t\t<div class=\"elementor-widget-container\">\n\t\t\t\t\t<div class=\"qodef-shortcode qodef-m  qodef-holder-with-image qodef-layout--image-left qodef-disable-below--768 qodef-appear-animation-enabled--from-right\" >\n\t<div class=\"qodef-m-inner\">\n\t\t<img decoding=\"async\" class=\"qodef-m-image\" src=\"https:\/\/www.sistemat.ro\/wp-content\/uploads\/2020\/05\/servicii-transport.jpg\" alt=\"\"  \/>\t\t<div class=\"qodef-m-content\" >\n\t\t\t<div data-elementor-type=\"section\" data-elementor-id=\"6198\" class=\"elementor elementor-6198\">\n\t\t\t\t\t\t<section class=\"elementor-section elementor-top-section elementor-element elementor-element-2e4cad1a elementor-section-boxed elementor-section-height-default elementor-section-height-default qodef-elementor-content-no\" data-id=\"2e4cad1a\" data-element_type=\"section\" data-e-type=\"section\">\n\t\t\t\t\t\t<div class=\"elementor-container elementor-column-gap-default\">\n\t\t\t\t\t<div class=\"elementor-column elementor-col-100 elementor-top-column elementor-element elementor-element-5920131c\" data-id=\"5920131c\" data-element_type=\"column\" data-e-type=\"column\">\n\t\t\t<div class=\"elementor-widget-wrap elementor-element-populated\">\n\t\t\t\t\t\t<div class=\"elementor-element elementor-element-71dd959b elementor-widget elementor-widget-stal_core_section_title\" data-id=\"71dd959b\" data-element_type=\"widget\" data-e-type=\"widget\" data-widget_type=\"stal_core_section_title.default\">\n\t\t\t\t<div class=\"elementor-widget-container\">\n\t\t\t\t\t<div class=\"qodef-shortcode qodef-m  qodef-section-title qodef-alignment--left  \">\n\t\t<div class=\"qodef-m-title-wrap\">\n\t\t<h2 class=\"qodef-m-title\" >\n\t\t\t\t\tSz\u00e1ll\u00edt\u00e1s\t\t\t<\/h2>\n\t\n\t<\/div>\n\t\t<p class=\"qodef-m-text\" style=\"margin-top: 20px;font-size: 19px;line-height: 30px\">Az orsz\u00e1g eg\u00e9sz ter\u00fclet\u00e9n ingyenes a sz\u00e1ll\u00edt\u00e1s, a megv\u00e1s\u00e1rolt mennyis\u00e9gt\u0151l \u00e9s anyagt\u00f3l f\u00fcgg\u0151en. A ker\u00e1mia \u00e9s a beton cser\u00e9p darukkal felszerelt g\u00e9pekkel ker\u00fcl kisz\u00e1ll\u00edt\u00e1sra, a kirakod\u00e1s g\u00e9pes\u00edtett \u00e1llapotban.<\/p>\n<\/div>\t\t\t\t<\/div>\n\t\t\t\t<\/div>\n\t\t\t\t\t<\/div>\n\t\t<\/div>\n\t\t\t\t\t<\/div>\n\t\t<\/section>\n\t\t\t\t<\/div>\n\t\t<\/div>\n\t<\/div>\n<\/div>\t\t\t\t<\/div>\n\t\t\t\t<\/div>\n\t\t\t\t<div class=\"elementor-element elementor-element-8df496c elementor-widget elementor-widget-spacer\" data-id=\"8df496c\" data-element_type=\"widget\" data-e-type=\"widget\" data-widget_type=\"spacer.default\">\n\t\t\t\t<div class=\"elementor-widget-container\">\n\t\t\t\t\t\t\t<div class=\"elementor-spacer\">\n\t\t\t<div class=\"elementor-spacer-inner\"><\/div>\n\t\t<\/div>\n\t\t\t\t\t\t<\/div>\n\t\t\t\t<\/div>\n\t\t\t\t<div class=\"elementor-element elementor-element-5b028e9 elementor-widget elementor-widget-stal_core_holder_with_image\" data-id=\"5b028e9\" data-element_type=\"widget\" data-e-type=\"widget\" data-widget_type=\"stal_core_holder_with_image.default\">\n\t\t\t\t<div class=\"elementor-widget-container\">\n\t\t\t\t\t<div class=\"qodef-shortcode qodef-m  qodef-holder-with-image qodef-layout--image-right qodef-disable-below--768 qodef-appear-animation-enabled--from-left\" >\n\t<div class=\"qodef-m-inner\">\n\t\t<div class=\"qodef-m-content\" >\n\t\t\t<div data-elementor-type=\"section\" data-elementor-id=\"6202\" class=\"elementor elementor-6202\">\n\t\t\t\t\t\t<section class=\"elementor-section elementor-top-section elementor-element elementor-element-21380bc2 elementor-section-boxed elementor-section-height-default elementor-section-height-default qodef-elementor-content-no\" data-id=\"21380bc2\" data-element_type=\"section\" data-e-type=\"section\">\n\t\t\t\t\t\t<div class=\"elementor-container elementor-column-gap-default\">\n\t\t\t\t\t<div class=\"elementor-column elementor-col-100 elementor-top-column elementor-element elementor-element-1c3a3625\" data-id=\"1c3a3625\" data-element_type=\"column\" data-e-type=\"column\">\n\t\t\t<div class=\"elementor-widget-wrap elementor-element-populated\">\n\t\t\t\t\t\t<div class=\"elementor-element elementor-element-785a5b14 elementor-widget elementor-widget-stal_core_section_title\" data-id=\"785a5b14\" data-element_type=\"widget\" data-e-type=\"widget\" data-widget_type=\"stal_core_section_title.default\">\n\t\t\t\t<div class=\"elementor-widget-container\">\n\t\t\t\t\t<div class=\"qodef-shortcode qodef-m  qodef-section-title qodef-alignment--left  \">\n\t\t<div class=\"qodef-m-title-wrap\">\n\t\t<h2 class=\"qodef-m-title\" >\n\t\t\t\t\tF\u00e9mcsarnokok v\u00e1llalkoz\u00e1sa \u00e9s tervez\u00e9se \t\t\t<\/h2>\n\t\n\t<\/div>\n\t\t<p class=\"qodef-m-text\" style=\"margin-top: 20px;font-size: 19px;line-height: 30px\">Megb\u00edzhat\u00f3, tapasztalt \u00e9s versenyk\u00e9pes v\u00e1llalkoz\u00f3t keres? El tud k\u00e9pzelni egy speci\u00e1lis szerkezetet, \u00e9s nem tal\u00e1lja meg a megfelel\u0151 anyagokat a piacon? Tetszik a projekt, de agg\u00f3dik a k\u00f6lts\u00e9gek miatt \u00e9s retteg a magas \u00e1r? \u00d6r\u00fcl\u00fcnk, hogy tan\u00e1csot adunk k\u00f6nny\u0171 \u00e9p\u00edt\u00e9si \u00e9s szerkezeti rendszerekkel kapcsolatban, hogy el\u0151nyeit \u00e9lvezhesse egy biztons\u00e1gos \u00e9s k\u00f6lts\u00e9ghat\u00e9kony projekt, kivitelez\u00e9s \u00e9s \u00fczemeltet\u00e9s szempontj\u00e1b\u00f3l. Seg\u00edt\u00fcnk a kritikus alkatr\u00e9szek megtervez\u00e9s\u00e9ben.<\/p>\n<\/div>\t\t\t\t<\/div>\n\t\t\t\t<\/div>\n\t\t\t\t\t<\/div>\n\t\t<\/div>\n\t\t\t\t\t<\/div>\n\t\t<\/section>\n\t\t\t\t<\/div>\n\t\t<\/div>\n\t\t<img decoding=\"async\" class=\"qodef-m-image\" src=\"https:\/\/www.sistemat.ro\/wp-content\/uploads\/2020\/05\/servicii-antreprenoriat.jpg\" alt=\"\"  \/>\t<\/div>\n<\/div>\t\t\t\t<\/div>\n\t\t\t\t<\/div>\n\t\t\t\t\t<\/div>\n\t\t<\/div>\n\t\t\t\t\t<\/div>\n\t\t<\/section>\n\t\t\t\t<\/div>\n\t\t","protected":false},"excerpt":{"rendered":"<p>M\u0171szaki tan\u00e1csad\u00f3 \u00e9s a tet\u0151fed\u0151 anyagok sz\u00fcks\u00e9ges kisz\u00e1m\u00edt\u00e1sa Tan\u00e1csad\u00e1st k\u00edn\u00e1lunk az anyagok t\u00edpus\u00e1nak megv\u00e1laszt\u00e1s\u00e1ban \u00e9s ingyenes m\u0171szaki t\u00e1mogat\u00e1st k\u00edn\u00e1lunk a telep\u00edt\u00e9s sor\u00e1n azoknak az \u00fcgyfeleknek, akik a rendszereinket megv\u00e1s\u00e1rolj\u00e1k. A sz\u00fcks\u00e9ges anyagokat a sz\u00e1munkra beny\u00fajtott tervek vagy m\u00e9r\u00e9sek alapj\u00e1n kisz\u00e1moljuk. B\u00e1rmilyen k\u00e9rd\u00e9se felveheti vel\u00fcnk a kapcsolatot. Professzion\u00e1lis \u00f6sszeszerel\u00e9s \u00d6sszeszerel\u00e9si szolg\u00e1ltat\u00e1sokat k\u00edn\u00e1lunk olyan profi csapatokkal, akik [&hellip;]<\/p>\n","protected":false},"author":1,"featured_media":0,"parent":0,"menu_order":0,"comment_status":"closed","ping_status":"closed","template":"page-full-width.php","meta":{"footnotes":""},"class_list":["post-6170","page","type-page","status-publish","hentry"],"_links":{"self":[{"href":"https:\/\/www.sistemat.ro\/hu\/wp-json\/wp\/v2\/pages\/6170","targetHints":{"allow":["GET"]}}],"collection":[{"href":"https:\/\/www.sistemat.ro\/hu\/wp-json\/wp\/v2\/pages"}],"about":[{"href":"https:\/\/www.sistemat.ro\/hu\/wp-json\/wp\/v2\/types\/page"}],"author":[{"embeddable":true,"href":"https:\/\/www.sistemat.ro\/hu\/wp-json\/wp\/v2\/users\/1"}],"replies":[{"embeddable":true,"href":"https:\/\/www.sistemat.ro\/hu\/wp-json\/wp\/v2\/comments?post=6170"}],"version-history":[{"count":0,"href":"https:\/\/www.sistemat.ro\/hu\/wp-json\/wp\/v2\/pages\/6170\/revisions"}],"wp:attachment":[{"href":"https:\/\/www.sistemat.ro\/hu\/wp-json\/wp\/v2\/media?parent=6170"}],"curies":[{"name":"wp","href":"https:\/\/api.w.org\/{rel}","templated":true}]}}